{"id":847,"date":"2021-07-20T10:32:58","date_gmt":"2021-07-20T10:32:58","guid":{"rendered":"https:\/\/www.chabulle.fr\/blog\/apropos\/"},"modified":"2023-09-15T11:55:39","modified_gmt":"2023-09-15T09:55:39","slug":"apropos","status":"publish","type":"page","link":"https:\/\/www.chabulle.fr\/blog\/apropos\/","title":{"rendered":"A propos"},"content":{"rendered":"\t\t<div data-elementor-type=\"wp-page\" data-elementor-id=\"847\" class=\"elementor elementor-847\">\n\t\t\t\t\t\t\t\t\t<section class=\"elementor-section elementor-top-section elementor-element elementor-element-59f02cba elementor-section-boxed elementor-section-height-default elementor-section-height-default\" data-id=\"59f02cba\" data-element_type=\"section\">\n\t\t\t\t\t\t<div class=\"elementor-container elementor-column-gap-default\">\n\t\t\t\t\t<div class=\"elementor-column elementor-col-100 elementor-top-column elementor-element elementor-element-3003080f\" data-id=\"3003080f\" data-element_type=\"column\">\n\t\t\t<div class=\"elementor-widget-wrap elementor-element-populated\">\n\t\t\t\t\t\t\t\t<div class=\"elementor-element elementor-element-6932a2d1 elementor-widget elementor-widget-text-editor\" data-id=\"6932a2d1\" data-element_type=\"widget\" data-widget_type=\"text-editor.default\">\n\t\t\t\t<div class=\"elementor-widget-container\">\n\t\t\t<style>\/*! elementor - v3.18.0 - 08-12-2023 *\/\n.elementor-widget-text-editor.elementor-drop-cap-view-stacked .elementor-drop-cap{background-color:#69727d;color:#fff}.elementor-widget-text-editor.elementor-drop-cap-view-framed .elementor-drop-cap{color:#69727d;border:3px solid;background-color:transparent}.elementor-widget-text-editor:not(.elementor-drop-cap-view-default) .elementor-drop-cap{margin-top:8px}.elementor-widget-text-editor:not(.elementor-drop-cap-view-default) .elementor-drop-cap-letter{width:1em;height:1em}.elementor-widget-text-editor .elementor-drop-cap{float:left;text-align:center;line-height:1;font-size:50px}.elementor-widget-text-editor .elementor-drop-cap-letter{display:inline-block}<\/style>\t\t\t\t<p><style>\/*! elementor - v3.13.3 - 28-05-2023 *\/<br \/>.elementor-heading-title{padding:0;margin:0;line-height:1}.elementor-widget-heading .elementor-heading-title[class*=elementor-size-]>a{color:inherit;font-size:inherit;line-height:inherit}.elementor-widget-heading .elementor-heading-title.elementor-size-small{font-size:15px}.elementor-widget-heading .elementor-heading-title.elementor-size-medium{font-size:19px}.elementor-widget-heading .elementor-heading-title.elementor-size-large{font-size:29px}.elementor-widget-heading .elementor-heading-title.elementor-size-xl{font-size:39px}.elementor-widget-heading .elementor-heading-title.elementor-size-xxl{font-size:59px}<\/style><\/p><h6>QUI SOMMES-NOUS ?<\/h6><h3>Cybousoft<\/h3><p>La soci\u00e9t\u00e9 Cybousoft SAS d\u00e9veloppe des solutions num\u00e9riques utiles et simples.<\/p><h5>Mentions l\u00e9gales<\/h5><p>SAS au capital de 10000 euros<br \/>Si\u00e8ge social : 31 bis rue des Longs Pr\u00e9s, 92100 Boulogne-Billancourt, France.<br \/>Immatriculation au RCS de Nanterre sous le num\u00e9ro 890062425<br \/>Num\u00e9ro de TVA intracommunautaire : FR 96890062425<\/p><p><span style=\"color: var(--ast-global-color-2); font-size: 2.13333rem; font-style: inherit; font-weight: 600; background-color: var(--ast-global-color-4);\">Chabulle<\/span><\/p><p>Cybousoft a cr\u00e9\u00e9 Chabulle, un service Web d\u00e9di\u00e9 au recrutement.<\/p><p>Les recruteurs peuvent d\u00e9poser leurs offres d&#8217;emploi et acc\u00e9der \u00e0 une base de CVs.<br \/>Les chercheurs d&#8217;emploi peuvent rechercher des offres et d\u00e9poser leur CV.<\/p><h4>Le blog chabulle.fr<\/h4><p>Ce blog rassemble les documentations utiles li\u00e9es au service Chabulle et publie des articles associ\u00e9s \u00e0 la recherche d&#8217;emploi.<\/p><p><strong>Directeur de la publication<\/strong> : Jean-Philippe Bastard<\/p><p style=\"font-size: 15px; font-style: normal; font-weight: 400;\"><strong>H\u00e9bergeur du blog chabulle.fr<\/strong> : Gandi SAS, au capital de 2 300 000 euros, Si\u00e8ge social : 63-65 boulevard Mass\u00e9na Paris. Site : https:\/\/www.gandi.net<\/p><div>\u00a0<\/div>\t\t\t\t\t\t<\/div>\n\t\t\t\t<\/div>\n\t\t\t\t\t<\/div>\n\t\t<\/div>\n\t\t\t\t\t\t\t<\/div>\n\t\t<\/section>\n\t\t\t\t\t\t\t<\/div>\n\t\t","protected":false},"excerpt":{"rendered":"<p>QUI SOMMES-NOUS ? Cybousoft La soci\u00e9t\u00e9 Cybousoft SAS d\u00e9veloppe des solutions num\u00e9riques utiles et simples. Mentions l\u00e9gales SAS au capital de 10000 eurosSi\u00e8ge social : 31 bis rue des Longs Pr\u00e9s, 92100 Boulogne-Billancourt, France.Immatriculation au RCS de Nanterre sous le num\u00e9ro 890062425Num\u00e9ro de TVA intracommunautaire : FR 96890062425 Chabulle Cybousoft a cr\u00e9\u00e9 Chabulle, un service &hellip;<\/p>\n<p class=\"read-more\"> <a class=\"\" href=\"https:\/\/www.chabulle.fr\/blog\/apropos\/\"> <span class=\"screen-reader-text\">A propos<\/span> Lire la suite\u00a0\u00bb<\/a><\/p>\n","protected":false},"author":2,"featured_media":0,"parent":0,"menu_order":0,"comment_status":"closed","ping_status":"closed","template":"","meta":{"om_disable_all_campaigns":false,"inline_featured_image":false,"_uag_custom_page_level_css":"","_monsterinsights_skip_tracking":false,"_monsterinsights_sitenote_active":false,"_monsterinsights_sitenote_note":"","_monsterinsights_sitenote_category":0,"site-sidebar-layout":"no-sidebar","site-content-layout":"page-builder","ast-site-content-layout":"","site-content-style":"default","site-sidebar-style":"default","ast-global-header-display":"","ast-banner-title-visibility":"","ast-main-header-display":"","ast-hfb-above-header-display":"","ast-hfb-below-header-display":"","ast-hfb-mobile-header-display":"","site-post-title":"disabled","ast-breadcrumbs-content":"disabled","ast-featured-img":"disabled","footer-sml-layout":"","theme-transparent-header-meta":"default","adv-header-id-meta":"","stick-header-meta":"","header-above-stick-meta":"","header-main-stick-meta":"","header-below-stick-meta":"","astra-migrate-meta-layouts":"default","ast-page-background-enabled":"default","ast-page-background-meta":{"desktop":{"background-color":"","background-image":"","background-repeat":"repeat","background-position":"center center","background-size":"auto","background-attachment":"scroll","background-type":"","background-media":"","overlay-type":"","overlay-color":"","overlay-gradient":""},"tablet":{"background-color":"","background-image":"","background-repeat":"repeat","background-position":"center center","background-size":"auto","background-attachment":"scroll","background-type":"","background-media":"","overlay-type":"","overlay-color":"","overlay-gradient":""},"mobile":{"background-color":"","background-image":"","background-repeat":"repeat","background-position":"center center","background-size":"auto","background-attachment":"scroll","background-type":"","background-media":"","overlay-type":"","overlay-color":"","overlay-gradient":""}},"ast-content-background-meta":{"desktop":{"background-color":"var(--ast-global-color-5)","background-image":"","background-repeat":"repeat","background-position":"center center","background-size":"auto","background-attachment":"scroll","background-type":"","background-media":"","overlay-type":"","overlay-color":"","overlay-gradient":""},"tablet":{"background-color":"var(--ast-global-color-5)","background-image":"","background-repeat":"repeat","background-position":"center center","background-size":"auto","background-attachment":"scroll","background-type":"","background-media":"","overlay-type":"","overlay-color":"","overlay-gradient":""},"mobile":{"background-color":"var(--ast-global-color-5)","background-image":"","background-repeat":"repeat","background-position":"center center","background-size":"auto","background-attachment":"scroll","background-type":"","background-media":"","overlay-type":"","overlay-color":"","overlay-gradient":""}},"footnotes":""},"class_list":["post-847","page","type-page","status-publish","hentry"],"aioseo_notices":[],"uagb_featured_image_src":{"full":false,"thumbnail":false,"medium":false,"medium_large":false,"large":false,"1536x1536":false,"2048x2048":false},"uagb_author_info":{"display_name":"chabulle","author_link":"https:\/\/www.chabulle.fr\/blog\/author\/chabulle\/"},"uagb_comment_info":0,"uagb_excerpt":"QUI SOMMES-NOUS ? Cybousoft La soci\u00e9t\u00e9 Cybousoft SAS d\u00e9veloppe des solutions num\u00e9riques utiles et simples. Mentions l\u00e9gales SAS au capital de 10000 eurosSi\u00e8ge social : 31 bis rue des Longs Pr\u00e9s, 92100 Boulogne-Billancourt, France.Immatriculation au RCS de Nanterre sous le num\u00e9ro 890062425Num\u00e9ro de TVA intracommunautaire : FR 96890062425 Chabulle Cybousoft a cr\u00e9\u00e9 Chabulle, un service\u2026","_links":{"self":[{"href":"https:\/\/www.chabulle.fr\/blog\/wp-json\/wp\/v2\/pages\/847","targetHints":{"allow":["GET"]}}],"collection":[{"href":"https:\/\/www.chabulle.fr\/blog\/wp-json\/wp\/v2\/pages"}],"about":[{"href":"https:\/\/www.chabulle.fr\/blog\/wp-json\/wp\/v2\/types\/page"}],"author":[{"embeddable":true,"href":"https:\/\/www.chabulle.fr\/blog\/wp-json\/wp\/v2\/users\/2"}],"replies":[{"embeddable":true,"href":"https:\/\/www.chabulle.fr\/blog\/wp-json\/wp\/v2\/comments?post=847"}],"version-history":[{"count":10,"href":"https:\/\/www.chabulle.fr\/blog\/wp-json\/wp\/v2\/pages\/847\/revisions"}],"predecessor-version":[{"id":950,"href":"https:\/\/www.chabulle.fr\/blog\/wp-json\/wp\/v2\/pages\/847\/revisions\/950"}],"wp:attachment":[{"href":"https:\/\/www.chabulle.fr\/blog\/wp-json\/wp\/v2\/media?parent=847"}],"curies":[{"name":"wp","href":"https:\/\/api.w.org\/{rel}","templated":true}]}}